{"id":884,"date":"2025-01-11T11:02:42","date_gmt":"2025-01-11T08:02:42","guid":{"rendered":"https:\/\/lmhomesparos.websiteproject.gr\/gestion-de-propriete-2\/"},"modified":"2025-01-29T13:53:47","modified_gmt":"2025-01-29T10:53:47","slug":"gestion-de-propriete","status":"publish","type":"page","link":"https:\/\/www.lmhomesparos.com\/fr\/gestion-de-propriete\/","title":{"rendered":"Gestion de propri\u00e9t\u00e9"},"content":{"rendered":"\t\t<div data-elementor-type=\"wp-page\" data-elementor-id=\"884\" class=\"elementor elementor-884 elementor-854\" data-elementor-post-type=\"page\">\n\t\t\t\t<div class=\"elementor-element elementor-element-d39e27d e-flex e-con-boxed e-con e-parent\" data-id=\"d39e27d\" data-element_type=\"container\" data-settings=\"{&quot;background_background&quot;:&quot;classic&quot;}\">\n\t\t\t\t\t<div class=\"e-con-inner\">\n\t\t<div class=\"elementor-element elementor-element-cd67823 e-flex e-con-boxed e-con e-child\" data-id=\"cd67823\" data-element_type=\"container\">\n\t\t\t\t\t<div class=\"e-con-inner\">\n\t\t\t\t\t<\/div>\n\t\t\t\t<\/div>\n\t\t\t\t\t<\/div>\n\t\t\t\t<\/div>\n\t\t<div class=\"elementor-element elementor-element-df23090 e-con-full e-flex e-con e-parent\" data-id=\"df23090\" data-element_type=\"container\">\n\t\t<div class=\"elementor-element elementor-element-dd4afb3 e-flex e-con-boxed e-con e-child\" data-id=\"dd4afb3\" data-element_type=\"container\">\n\t\t\t\t\t<div class=\"e-con-inner\">\n\t\t<div class=\"elementor-element elementor-element-8fe2f11 e-con-full e-flex e-con e-child\" data-id=\"8fe2f11\" data-element_type=\"container\">\n\t\t\t\t<div class=\"elementor-element elementor-element-a02a2fe elementor-widget elementor-widget-text-editor\" data-id=\"a02a2fe\" data-element_type=\"widget\" data-widget_type=\"text-editor.default\">\n\t\t\t\t<div class=\"elementor-widget-container\">\n\t\t\t\t\t\t\t\t\t<p>Nous prenons soin de votre bien comme si c\u2019\u00e9tait le n\u00f4tre. Nos services vont d\u2019un m\u00e9nage occasionnel \u00e0 une gestion compl\u00e8te sur une base mensuelle \u2013 tous ex\u00e9cut\u00e9s par des professionnels. Le service fourni est adapt\u00e9 aux besoins personnels du propri\u00e9taire et des exigences budg\u00e9taires.<\/p>\n<p>Le service complet inclut plusieurs visites par mois pendant que vous \u00eates absents, m\u00e9nage, v\u00e9rification du fonctionnement des appareils\u00a0, pr\u00e9paration de votre propri\u00e9t\u00e9 avant votre arriv\u00e9e\u00a0, gestion des incidents et des diff\u00e9rents intervenants (jardin, piscine etc\u00a0\u2026.)\u00a0, surveillance de votre voiture, livraison de votre v\u00e9hicule au port ou a\u00e9roport avant votre arriv\u00e9e, etc\u2026<\/p>\n<p>En compl\u00e9ment si vous louez votre propri\u00e9t\u00e9 pendant vos mois d\u2019absence, nous prenons soin de vos h\u00f4tes pendant qu\u2019ils profitent de leurs vacances et sommes \u00e0 leur disposition pour prendre en charge leurs besoins. Nous pouvons vous assister \u00e9galement dans la gestion des plateformes et\u00a0\/ ou agences de location qui pr\u00e9sentent votre propri\u00e9t\u00e9.<\/p>\n<p>Chaque propri\u00e9t\u00e9 est diff\u00e9rente, et chaque propri\u00e9taire a des besoins diff\u00e9rents, c\u2019est pourquoi le service que nous proposons est sur mesure, privil\u00e9giant une collaboration \u00e0 long terme.<\/p>\n\t\t\t\t\t\t\t\t<\/div>\n\t\t\t\t<\/div>\n\t\t\t\t<\/div>\n\t\t\t\t<div class=\"elementor-element elementor-element-4936cec elementor-widget__width-auto elementor-invisible elementor-widget elementor-widget-image\" data-id=\"4936cec\" data-element_type=\"widget\" data-settings=\"{&quot;_animation&quot;:&quot;fadeIn&quot;}\" data-widget_type=\"image.default\">\n\t\t\t\t<div class=\"elementor-widget-container\">\n\t\t\t\t\t\t\t\t\t\t\t\t\t\t\t<img decoding=\"async\" src=\"https:\/\/www.lmhomesparos.com\/wp-content\/uploads\/2024\/12\/project-management.jpg\" title=\"\" alt=\"\" loading=\"lazy\" \/>\t\t\t\t\t\t\t\t\t\t\t\t\t\t\t<\/div>\n\t\t\t\t<\/div>\n\t\t\t\t\t<\/div>\n\t\t\t\t<\/div>\n\t\t\t\t<\/div>\n\t\t\t\t<\/div>\n\t\t","protected":false},"excerpt":{"rendered":"<p>Nous prenons soin de votre bien comme si c\u2019\u00e9tait le n\u00f4tre. Nos services vont d\u2019un m\u00e9nage occasionnel \u00e0 une gestion [&hellip;]<\/p>\n","protected":false},"author":1,"featured_media":0,"parent":0,"menu_order":0,"comment_status":"closed","ping_status":"closed","template":"","meta":{"_acf_changed":false,"site-sidebar-layout":"no-sidebar","site-content-layout":"","ast-site-content-layout":"full-width-container","site-content-style":"default","site-sidebar-style":"default","ast-global-header-display":"","ast-banner-title-visibility":"","ast-main-header-display":"","ast-hfb-above-header-display":"","ast-hfb-below-header-display":"","ast-hfb-mobile-header-display":"","site-post-title":"disabled","ast-breadcrumbs-content":"","ast-featured-img":"disabled","footer-sml-layout":"","theme-transparent-header-meta":"default","adv-header-id-meta":"","stick-header-meta":"default","header-above-stick-meta":"","header-main-stick-meta":"","header-below-stick-meta":"","astra-migrate-meta-layouts":"set","ast-page-background-enabled":"default","ast-page-background-meta":{"desktop":{"background-color":"var(--ast-global-color-4)","background-image":"","background-repeat":"repeat","background-position":"center center","background-size":"auto","background-attachment":"scroll","background-type":"","background-media":"","overlay-type":"","overlay-color":"","overlay-opacity":"","overlay-gradient":""},"tablet":{"background-color":"","background-image":"","background-repeat":"repeat","background-position":"center center","background-size":"auto","background-attachment":"scroll","background-type":"","background-media":"","overlay-type":"","overlay-color":"","overlay-opacity":"","overlay-gradient":""},"mobile":{"background-color":"","background-image":"","background-repeat":"repeat","background-position":"center center","background-size":"auto","background-attachment":"scroll","background-type":"","background-media":"","overlay-type":"","overlay-color":"","overlay-opacity":"","overlay-gradient":""}},"ast-content-background-meta":{"desktop":{"background-color":"var(--ast-global-color-5)","background-image":"","background-repeat":"repeat","background-position":"center center","background-size":"auto","background-attachment":"scroll","background-type":"","background-media":"","overlay-type":"","overlay-color":"","overlay-opacity":"","overlay-gradient":""},"tablet":{"background-color":"var(--ast-global-color-5)","background-image":"","background-repeat":"repeat","background-position":"center center","background-size":"auto","background-attachment":"scroll","background-type":"","background-media":"","overlay-type":"","overlay-color":"","overlay-opacity":"","overlay-gradient":""},"mobile":{"background-color":"var(--ast-global-color-5)","background-image":"","background-repeat":"repeat","background-position":"center center","background-size":"auto","background-attachment":"scroll","background-type":"","background-media":"","overlay-type":"","overlay-color":"","overlay-opacity":"","overlay-gradient":""}},"footnotes":""},"class_list":["post-884","page","type-page","status-publish","hentry"],"acf":[],"_links":{"self":[{"href":"https:\/\/www.lmhomesparos.com\/fr\/wp-json\/wp\/v2\/pages\/884","targetHints":{"allow":["GET"]}}],"collection":[{"href":"https:\/\/www.lmhomesparos.com\/fr\/wp-json\/wp\/v2\/pages"}],"about":[{"href":"https:\/\/www.lmhomesparos.com\/fr\/wp-json\/wp\/v2\/types\/page"}],"author":[{"embeddable":true,"href":"https:\/\/www.lmhomesparos.com\/fr\/wp-json\/wp\/v2\/users\/1"}],"replies":[{"embeddable":true,"href":"https:\/\/www.lmhomesparos.com\/fr\/wp-json\/wp\/v2\/comments?post=884"}],"version-history":[{"count":3,"href":"https:\/\/www.lmhomesparos.com\/fr\/wp-json\/wp\/v2\/pages\/884\/revisions"}],"predecessor-version":[{"id":1456,"href":"https:\/\/www.lmhomesparos.com\/fr\/wp-json\/wp\/v2\/pages\/884\/revisions\/1456"}],"wp:attachment":[{"href":"https:\/\/www.lmhomesparos.com\/fr\/wp-json\/wp\/v2\/media?parent=884"}],"curies":[{"name":"wp","href":"https:\/\/api.w.org\/{rel}","templated":true}]}}