{"id":880,"date":"2025-01-11T11:06:01","date_gmt":"2025-01-11T08:06:01","guid":{"rendered":"https:\/\/lmhomesparos.websiteproject.gr\/gestion-de-chantier-2\/"},"modified":"2025-02-04T17:03:55","modified_gmt":"2025-02-04T14:03:55","slug":"gestion-de-chantier","status":"publish","type":"page","link":"https:\/\/www.lmhomesparos.com\/fr\/gestion-de-chantier\/","title":{"rendered":"Gestion de chantier"},"content":{"rendered":"\t\t<div data-elementor-type=\"wp-page\" data-elementor-id=\"880\" class=\"elementor elementor-880 elementor-868\" data-elementor-post-type=\"page\">\n\t\t\t\t<div class=\"elementor-element elementor-element-5ce6d54 e-flex e-con-boxed e-con e-parent\" data-id=\"5ce6d54\" data-element_type=\"container\" data-settings=\"{&quot;background_background&quot;:&quot;classic&quot;}\">\n\t\t\t\t\t<div class=\"e-con-inner\">\n\t\t<div class=\"elementor-element elementor-element-5fac7f9 e-flex e-con-boxed e-con e-child\" data-id=\"5fac7f9\" data-element_type=\"container\">\n\t\t\t\t\t<div class=\"e-con-inner\">\n\t\t\t\t\t<\/div>\n\t\t\t\t<\/div>\n\t\t\t\t\t<\/div>\n\t\t\t\t<\/div>\n\t\t<div class=\"elementor-element elementor-element-5275f7b e-flex e-con-boxed e-con e-parent\" data-id=\"5275f7b\" data-element_type=\"container\" data-settings=\"{&quot;background_background&quot;:&quot;classic&quot;}\">\n\t\t\t\t\t<div class=\"e-con-inner\">\n\t\t<div class=\"elementor-element elementor-element-dca7eb5 e-con-full e-flex e-con e-child\" data-id=\"dca7eb5\" data-element_type=\"container\">\n\t\t\t\t<div class=\"elementor-element elementor-element-9b89522 elementor-widget__width-auto elementor-invisible elementor-widget elementor-widget-image\" data-id=\"9b89522\" data-element_type=\"widget\" data-settings=\"{&quot;_animation&quot;:&quot;fadeIn&quot;}\" data-widget_type=\"image.default\">\n\t\t\t\t<div class=\"elementor-widget-container\">\n\t\t\t\t\t\t\t\t\t\t\t\t\t\t\t<img decoding=\"async\" src=\"https:\/\/www.lmhomesparos.com\/wp-content\/uploads\/2024\/12\/WORKS-MANAGMENT.jpg\" title=\"\" alt=\"\" loading=\"lazy\" \/>\t\t\t\t\t\t\t\t\t\t\t\t\t\t\t<\/div>\n\t\t\t\t<\/div>\n\t\t<div class=\"elementor-element elementor-element-298ed2d e-flex e-con-boxed e-con e-child\" data-id=\"298ed2d\" data-element_type=\"container\">\n\t\t\t\t\t<div class=\"e-con-inner\">\n\t\t\t\t<div class=\"elementor-element elementor-element-6a173db elementor-widget elementor-widget-text-editor\" data-id=\"6a173db\" data-element_type=\"widget\" data-widget_type=\"text-editor.default\">\n\t\t\t\t<div class=\"elementor-widget-container\">\n\t\t\t\t\t\t\t\t\t<p>Notre service comprend l\u2019organisation compl\u00e8te, la coordination et la supervision de votre projet de construction. Nous sommes \u00e0 m\u00eame de vous assister pendant tout le d\u00e9roulement de votre projet, de la phase de design jusqu\u2019\u00e0 votre emm\u00e9nagement.<\/p>\n<p>Nous travaillons en collaboration avec votre architecte et\/ou ing\u00e9nieur civil pour assurer que le r\u00e9sultat soit \u00e0 la hauteur de vos attentes. De plus, nous vous repr\u00e9sentons aupr\u00e8s des administrations relatives \u00e0 votre projet et prenons en charge toutes les t\u00e2ches \u00e0 accomplir pour la progression des travaux.<\/p>\n<p>Nos collaborateurs et sous-traitants ont \u00e9t\u00e9 s\u00e9lectionn\u00e9s pour leurs comp\u00e9tences techniques, chacun sp\u00e9cialiste dans son domaine et, nous recherchons toujours l\u2019\u00e9quilibre entre l\u2019aspect financier et technique tout en gardant comme objectif le rendu architectural. Techniquement, nous mettons l\u2019accent sur les exigences de qualit\u00e9 et une construction qualitative \u00e0 long terme.<\/p>\n<p>Tout au long de la dur\u00e9e du projet, vous recevrez une information quotidienne de l\u2019avanc\u00e9e de travaux photos et vid\u00e9os \u00e0 l\u2019appui. Une communication fluide permet de discuter des points soulev\u00e9s et prendre des d\u00e9cisions en temps et en heure afin de maintenir le progr\u00e8s du chantier.<\/p>\n<p>Les couts sont contr\u00f4l\u00e9s et les paiements suivis dans le but d\u2019avoir une vision au jour le jour de l\u2019\u00e9volution financi\u00e8re du projet. Notre objectif est de r\u00e9aliser votre projet en respectant le budget initial et en vous conseillant \u00e0 chaque \u00e9tape.<\/p>\n<p>Nous souhaitons par-dessus tout vous faire vivre la meilleure exp\u00e9rience possible lors de votre projet de construction \u00e0 Paros.<\/p>\n\t\t\t\t\t\t\t\t<\/div>\n\t\t\t\t<\/div>\n\t\t\t\t\t<\/div>\n\t\t\t\t<\/div>\n\t\t\t\t<\/div>\n\t\t\t\t\t<\/div>\n\t\t\t\t<\/div>\n\t\t<div class=\"elementor-element elementor-element-a06b488 e-flex e-con-boxed e-con e-parent\" data-id=\"a06b488\" data-element_type=\"container\">\n\t\t\t\t\t<div class=\"e-con-inner\">\n\t\t\t\t<div class=\"elementor-element elementor-element-b9673f2 elementor-widget__width-auto elementor-invisible elementor-widget elementor-widget-heading\" data-id=\"b9673f2\" data-element_type=\"widget\" data-settings=\"{&quot;_animation&quot;:&quot;fadeInUp&quot;}\" data-widget_type=\"heading.default\">\n\t\t\t\t<div class=\"elementor-widget-container\">\n\t\t\t\t\t<h2 class=\"elementor-heading-title elementor-size-default\">Portfolio<\/h2>\t\t\t\t<\/div>\n\t\t\t\t<\/div>\n\t\t\t\t\t<\/div>\n\t\t\t\t<\/div>\n\t\t<div class=\"elementor-element elementor-element-b4c43cc e-con-full e-flex e-con e-parent\" data-id=\"b4c43cc\" data-element_type=\"container\">\n\t\t<div class=\"elementor-element elementor-element-644df17 e-flex e-con-boxed e-con e-child\" data-id=\"644df17\" data-element_type=\"container\">\n\t\t\t\t\t<div class=\"e-con-inner\">\n\t\t<div class=\"elementor-element elementor-element-9be7ea9 e-flex e-con-boxed e-con e-child\" data-id=\"9be7ea9\" data-element_type=\"container\">\n\t\t\t\t\t<div class=\"e-con-inner\">\n\t\t<div class=\"elementor-element elementor-element-ef4ec82 e-con-full e-flex elementor-invisible e-con e-child\" data-id=\"ef4ec82\" data-element_type=\"container\" data-settings=\"{&quot;background_background&quot;:&quot;classic&quot;,&quot;animation&quot;:&quot;fadeInLeft&quot;}\">\n\t\t\t\t<div class=\"elementor-element elementor-element-353bd48 elementor-widget elementor-widget-heading\" data-id=\"353bd48\" data-element_type=\"widget\" data-widget_type=\"heading.default\">\n\t\t\t\t<div class=\"elementor-widget-container\">\n\t\t\t\t\t<h3 class=\"elementor-heading-title elementor-size-default\">Villa Tripiti<\/h3>\t\t\t\t<\/div>\n\t\t\t\t<\/div>\n\t\t\t\t<div class=\"elementor-element elementor-element-c86e4e2 elementor-widget elementor-widget-text-editor\" data-id=\"c86e4e2\" data-element_type=\"widget\" data-widget_type=\"text-editor.default\">\n\t\t\t\t<div class=\"elementor-widget-container\">\n\t\t\t\t\t\t\t\t\tCoastal Retreats capture l&rsquo;essence de la vie en bord de mer. Notre ma\u00eetrise de la construction de maisons donne vie aux r\u00eaves c\u00f4tiers, alliant esth\u00e9tique et excellence structurelle\t\t\t\t\t\t\t\t<\/div>\n\t\t\t\t<\/div>\n\t\t\t\t<div class=\"elementor-element elementor-element-0a8751e elementor-widget__width-auto elementor-widget elementor-widget-button\" data-id=\"0a8751e\" data-element_type=\"widget\" data-widget_type=\"button.default\">\n\t\t\t\t<div class=\"elementor-widget-container\">\n\t\t\t\t\t\t\t\t\t<div class=\"elementor-button-wrapper\">\n\t\t\t\t\t<a class=\"elementor-button elementor-button-link elementor-size-lg\" href=\"https:\/\/www.lmhomesparos.com\/fr\/villa-tripiti\/\">\n\t\t\t\t\t\t<span class=\"elementor-button-content-wrapper\">\n\t\t\t\t\t\t<span class=\"elementor-button-icon\">\n\t\t\t\t<i aria-hidden=\"true\" class=\"fas fa-angle-right\"><\/i>\t\t\t<\/span>\n\t\t\t\t\t\t\t\t\t<span class=\"elementor-button-text\">Voir ce travail<\/span>\n\t\t\t\t\t<\/span>\n\t\t\t\t\t<\/a>\n\t\t\t\t<\/div>\n\t\t\t\t\t\t\t\t<\/div>\n\t\t\t\t<\/div>\n\t\t\t\t<\/div>\n\t\t<div class=\"elementor-element elementor-element-03dff18 e-flex e-con-boxed e-con e-child\" data-id=\"03dff18\" data-element_type=\"container\">\n\t\t\t\t\t<div class=\"e-con-inner\">\n\t\t\t\t<div class=\"elementor-element elementor-element-2baa504 elementor-widget elementor-widget-image\" data-id=\"2baa504\" data-element_type=\"widget\" data-widget_type=\"image.default\">\n\t\t\t\t<div class=\"elementor-widget-container\">\n\t\t\t\t\t\t\t\t\t\t\t\t\t\t\t<img fetchpriority=\"high\" decoding=\"async\" width=\"1200\" height=\"799\" src=\"https:\/\/www.lmhomesparos.com\/wp-content\/uploads\/2024\/12\/VillaTripiti-LMHOMES141.jpg\" class=\"attachment-full size-full wp-image-656\" alt=\"\" srcset=\"https:\/\/www.lmhomesparos.com\/wp-content\/uploads\/2024\/12\/VillaTripiti-LMHOMES141.jpg 1200w, https:\/\/www.lmhomesparos.com\/wp-content\/uploads\/2024\/12\/VillaTripiti-LMHOMES141-300x200.jpg 300w, https:\/\/www.lmhomesparos.com\/wp-content\/uploads\/2024\/12\/VillaTripiti-LMHOMES141-1024x682.jpg 1024w, https:\/\/www.lmhomesparos.com\/wp-content\/uploads\/2024\/12\/VillaTripiti-LMHOMES141-768x511.jpg 768w\" sizes=\"(max-width: 1200px) 100vw, 1200px\" \/>\t\t\t\t\t\t\t\t\t\t\t\t\t\t\t<\/div>\n\t\t\t\t<\/div>\n\t\t\t\t\t<\/div>\n\t\t\t\t<\/div>\n\t\t\t\t\t<\/div>\n\t\t\t\t<\/div>\n\t\t\t\t\t<\/div>\n\t\t\t\t<\/div>\n\t\t<div class=\"elementor-element elementor-element-fd50f9a e-flex e-con-boxed e-con e-child\" data-id=\"fd50f9a\" data-element_type=\"container\">\n\t\t\t\t\t<div class=\"e-con-inner\">\n\t\t\t\t\t<\/div>\n\t\t\t\t<\/div>\n\t\t<div class=\"elementor-element elementor-element-6ccc372 e-flex e-con-boxed e-con e-child\" data-id=\"6ccc372\" data-element_type=\"container\">\n\t\t\t\t\t<div class=\"e-con-inner\">\n\t\t\t\t\t<\/div>\n\t\t\t\t<\/div>\n\t\t\t\t<\/div>\n\t\t\t\t<\/div>\n\t\t","protected":false},"excerpt":{"rendered":"<p>Notre service comprend l\u2019organisation compl\u00e8te, la coordination et la supervision de votre projet de construction. Nous sommes \u00e0 m\u00eame de [&hellip;]<\/p>\n","protected":false},"author":1,"featured_media":0,"parent":0,"menu_order":0,"comment_status":"closed","ping_status":"closed","template":"","meta":{"_acf_changed":false,"site-sidebar-layout":"no-sidebar","site-content-layout":"","ast-site-content-layout":"full-width-container","site-content-style":"default","site-sidebar-style":"default","ast-global-header-display":"","ast-banner-title-visibility":"","ast-main-header-display":"","ast-hfb-above-header-display":"","ast-hfb-below-header-display":"","ast-hfb-mobile-header-display":"","site-post-title":"disabled","ast-breadcrumbs-content":"","ast-featured-img":"disabled","footer-sml-layout":"","theme-transparent-header-meta":"default","adv-header-id-meta":"","stick-header-meta":"default","header-above-stick-meta":"","header-main-stick-meta":"","header-below-stick-meta":"","astra-migrate-meta-layouts":"set","ast-page-background-enabled":"default","ast-page-background-meta":{"desktop":{"background-color":"var(--ast-global-color-4)","background-image":"","background-repeat":"repeat","background-position":"center center","background-size":"auto","background-attachment":"scroll","background-type":"","background-media":"","overlay-type":"","overlay-color":"","overlay-opacity":"","overlay-gradient":""},"tablet":{"background-color":"","background-image":"","background-repeat":"repeat","background-position":"center center","background-size":"auto","background-attachment":"scroll","background-type":"","background-media":"","overlay-type":"","overlay-color":"","overlay-opacity":"","overlay-gradient":""},"mobile":{"background-color":"","background-image":"","background-repeat":"repeat","background-position":"center center","background-size":"auto","background-attachment":"scroll","background-type":"","background-media":"","overlay-type":"","overlay-color":"","overlay-opacity":"","overlay-gradient":""}},"ast-content-background-meta":{"desktop":{"background-color":"var(--ast-global-color-5)","background-image":"","background-repeat":"repeat","background-position":"center center","background-size":"auto","background-attachment":"scroll","background-type":"","background-media":"","overlay-type":"","overlay-color":"","overlay-opacity":"","overlay-gradient":""},"tablet":{"background-color":"var(--ast-global-color-5)","background-image":"","background-repeat":"repeat","background-position":"center center","background-size":"auto","background-attachment":"scroll","background-type":"","background-media":"","overlay-type":"","overlay-color":"","overlay-opacity":"","overlay-gradient":""},"mobile":{"background-color":"var(--ast-global-color-5)","background-image":"","background-repeat":"repeat","background-position":"center center","background-size":"auto","background-attachment":"scroll","background-type":"","background-media":"","overlay-type":"","overlay-color":"","overlay-opacity":"","overlay-gradient":""}},"footnotes":""},"class_list":["post-880","page","type-page","status-publish","hentry"],"acf":[],"_links":{"self":[{"href":"https:\/\/www.lmhomesparos.com\/fr\/wp-json\/wp\/v2\/pages\/880","targetHints":{"allow":["GET"]}}],"collection":[{"href":"https:\/\/www.lmhomesparos.com\/fr\/wp-json\/wp\/v2\/pages"}],"about":[{"href":"https:\/\/www.lmhomesparos.com\/fr\/wp-json\/wp\/v2\/types\/page"}],"author":[{"embeddable":true,"href":"https:\/\/www.lmhomesparos.com\/fr\/wp-json\/wp\/v2\/users\/1"}],"replies":[{"embeddable":true,"href":"https:\/\/www.lmhomesparos.com\/fr\/wp-json\/wp\/v2\/comments?post=880"}],"version-history":[{"count":8,"href":"https:\/\/www.lmhomesparos.com\/fr\/wp-json\/wp\/v2\/pages\/880\/revisions"}],"predecessor-version":[{"id":1542,"href":"https:\/\/www.lmhomesparos.com\/fr\/wp-json\/wp\/v2\/pages\/880\/revisions\/1542"}],"wp:attachment":[{"href":"https:\/\/www.lmhomesparos.com\/fr\/wp-json\/wp\/v2\/media?parent=880"}],"curies":[{"name":"wp","href":"https:\/\/api.w.org\/{rel}","templated":true}]}}