{"id":878,"date":"2025-01-11T10:58:56","date_gmt":"2025-01-11T07:58:56","guid":{"rendered":"https:\/\/lmhomesparos.websiteproject.gr\/accueil-2\/"},"modified":"2025-10-07T14:19:44","modified_gmt":"2025-10-07T11:19:44","slug":"accueil","status":"publish","type":"page","link":"https:\/\/www.lmhomesparos.com\/fr\/","title":{"rendered":"Accueil"},"content":{"rendered":"\t\t<div data-elementor-type=\"wp-page\" data-elementor-id=\"878\" class=\"elementor elementor-878 elementor-843\" data-elementor-post-type=\"page\">\n\t\t\t\t<div class=\"elementor-element elementor-element-2a5b100 e-flex e-con-boxed e-con e-parent\" data-id=\"2a5b100\" data-element_type=\"container\" data-settings=\"{&quot;background_background&quot;:&quot;classic&quot;}\">\n\t\t\t\t\t<div class=\"e-con-inner\">\n\t\t<div class=\"elementor-element elementor-element-6bf3ab1 e-flex e-con-boxed e-con e-child\" data-id=\"6bf3ab1\" data-element_type=\"container\">\n\t\t\t\t\t<div class=\"e-con-inner\">\n\t\t\t\t<div class=\"elementor-element elementor-element-4ffa4c1 elementor-widget__width-initial elementor-widget-tablet__width-inherit elementor-invisible elementor-widget elementor-widget-heading\" data-id=\"4ffa4c1\" data-element_type=\"widget\" data-settings=\"{&quot;_animation&quot;:&quot;fadeInDown&quot;}\" data-widget_type=\"heading.default\">\n\t\t\t\t<div class=\"elementor-widget-container\">\n\t\t\t\t\t<h1 class=\"elementor-heading-title elementor-size-default\">Services de gestion de projets et de propri\u00e9t\u00e9s \u00e0 Paros.<\/h1>\t\t\t\t<\/div>\n\t\t\t\t<\/div>\n\t\t\t\t\t<\/div>\n\t\t\t\t<\/div>\n\t\t\t\t\t<\/div>\n\t\t\t\t<\/div>\n\t\t<div class=\"elementor-element elementor-element-6c8351a e-flex e-con-boxed e-con e-parent\" data-id=\"6c8351a\" data-element_type=\"container\" data-settings=\"{&quot;background_background&quot;:&quot;classic&quot;}\">\n\t\t\t\t\t<div class=\"e-con-inner\">\n\t\t<div class=\"elementor-element elementor-element-b524ca5 e-con-full e-flex e-con e-child\" data-id=\"b524ca5\" data-element_type=\"container\">\n\t\t\t\t<div class=\"elementor-element elementor-element-7143fb5 elementor-widget__width-auto elementor-invisible elementor-widget elementor-widget-image\" data-id=\"7143fb5\" data-element_type=\"widget\" data-settings=\"{&quot;_animation&quot;:&quot;fadeIn&quot;}\" data-widget_type=\"image.default\">\n\t\t\t\t<div class=\"elementor-widget-container\">\n\t\t\t\t\t\t\t\t\t\t\t\t\t\t\t<img fetchpriority=\"high\" decoding=\"async\" width=\"690\" height=\"763\" src=\"https:\/\/www.lmhomesparos.com\/wp-content\/uploads\/2025\/03\/11zon_resized-1.jpg\" class=\"attachment-full size-full wp-image-1626\" alt=\"\" srcset=\"https:\/\/www.lmhomesparos.com\/wp-content\/uploads\/2025\/03\/11zon_resized-1.jpg 690w, https:\/\/www.lmhomesparos.com\/wp-content\/uploads\/2025\/03\/11zon_resized-1-271x300.jpg 271w\" sizes=\"(max-width: 690px) 100vw, 690px\" \/>\t\t\t\t\t\t\t\t\t\t\t\t\t\t\t<\/div>\n\t\t\t\t<\/div>\n\t\t<div class=\"elementor-element elementor-element-66fc934 e-flex e-con-boxed e-con e-child\" data-id=\"66fc934\" data-element_type=\"container\">\n\t\t\t\t\t<div class=\"e-con-inner\">\n\t\t\t\t<div class=\"elementor-element elementor-element-8e7b093 elementor-widget elementor-widget-heading\" data-id=\"8e7b093\" data-element_type=\"widget\" data-widget_type=\"heading.default\">\n\t\t\t\t<div class=\"elementor-widget-container\">\n\t\t\t\t\t<h2 class=\"elementor-heading-title elementor-size-default\">A propos de<\/h2>\t\t\t\t<\/div>\n\t\t\t\t<\/div>\n\t\t\t\t<div class=\"elementor-element elementor-element-ed1da00 elementor-widget elementor-widget-text-editor\" data-id=\"ed1da00\" data-element_type=\"widget\" data-widget_type=\"text-editor.default\">\n\t\t\t\t<div class=\"elementor-widget-container\">\n\t\t\t\t\t\t\t\t\t<p>LM Homes est une soci\u00e9t\u00e9 cr\u00e9\u00e9e en 2017 offrant des services sur Paros exclusivement, ayant \u00e9volu\u00e9 les ann\u00e9es pr\u00e9c\u00e9dentes dans le milieu de la construction sur l\u2019ile.<\/p>\n<p>Nous souhaitons offrir un service fiable et digne de confiance, dot\u00e9 d\u2019une communication efficace. Nos services se sont d\u00e9velopp\u00e9s simultan\u00e9ment, chacun \u00e9tant connect\u00e9 de mani\u00e8re logique aux autres, et pouvant \u00eatre utilis\u00e9s conjointement ou ind\u00e9pendamment selon les besoins.<\/p>\n<p>Notre objectif est de r\u00e9ussir une croissance contr\u00f4l\u00e9e et r\u00e9guli\u00e8re, en gardant une qualit\u00e9 et une communication de qualit\u00e9. Le traitement de chaque projet est le m\u00eame quelle que soit sa taille, notre objectif premier \u00e9tant d\u2019avoir de clients satisfaits, heureux de poss\u00e9der une propri\u00e9t\u00e9 \u00e0 Paros.<\/p>\n<p>Nos atouts ne sont pas seulement notre connaissance biculturelle grecque et fran\u00e7aise (et notre capacit\u00e9 en anglais) permettant une communication claire, facile et efficace mais aussi nos capacit\u00e9s organisationnelles, \u00e0 trouver des solutions et une approche orient\u00e9e client.<\/p>\n<p>La soci\u00e9t\u00e9 compte sur des collaborateurs comp\u00e9tents dans chaque secteur technique ainsi qu\u2019une \u00e9quipe de m\u00e9nage d\u00e9vou\u00e9e. La s\u00e9lection des collaborateurs se fait non seulement sur des crit\u00e8res techniques\u00a0mais aussi sur des valeurs partag\u00e9es d\u2019int\u00e9grit\u00e9, de serviabilit\u00e9 et une attitude orient\u00e9e vers la satisfaction de nos clients.<\/p>\n\t\t\t\t\t\t\t\t<\/div>\n\t\t\t\t<\/div>\n\t\t\t\t<div class=\"elementor-element elementor-element-532ca46 elementor-widget__width-auto elementor-widget elementor-widget-button\" data-id=\"532ca46\" data-element_type=\"widget\" data-widget_type=\"button.default\">\n\t\t\t\t<div class=\"elementor-widget-container\">\n\t\t\t\t\t\t\t\t\t<div class=\"elementor-button-wrapper\">\n\t\t\t\t\t<a class=\"elementor-button elementor-button-link elementor-size-lg elementor-animation-float\" href=\"https:\/\/www.lmhomesparos.com\/fr\/about\/#contact-form\">\n\t\t\t\t\t\t<span class=\"elementor-button-content-wrapper\">\n\t\t\t\t\t\t\t\t\t<span class=\"elementor-button-text\">Contact<\/span>\n\t\t\t\t\t<\/span>\n\t\t\t\t\t<\/a>\n\t\t\t\t<\/div>\n\t\t\t\t\t\t\t\t<\/div>\n\t\t\t\t<\/div>\n\t\t\t\t\t<\/div>\n\t\t\t\t<\/div>\n\t\t\t\t<\/div>\n\t\t\t\t\t<\/div>\n\t\t\t\t<\/div>\n\t\t<div class=\"elementor-element elementor-element-48dbf79 e-flex e-con-boxed e-con e-parent\" data-id=\"48dbf79\" data-element_type=\"container\" data-settings=\"{&quot;background_background&quot;:&quot;classic&quot;}\">\n\t\t\t\t\t<div class=\"e-con-inner\">\n\t\t<div class=\"elementor-element elementor-element-28605b6 e-flex e-con-boxed e-con e-child\" data-id=\"28605b6\" data-element_type=\"container\">\n\t\t\t\t\t<div class=\"e-con-inner\">\n\t\t<div class=\"elementor-element elementor-element-c4360d4 e-flex e-con-boxed e-con e-child\" data-id=\"c4360d4\" data-element_type=\"container\">\n\t\t\t\t\t<div class=\"e-con-inner\">\n\t\t\t\t<div class=\"elementor-element elementor-element-b172f8b elementor-widget__width-auto elementor-invisible elementor-widget elementor-widget-heading\" data-id=\"b172f8b\" data-element_type=\"widget\" data-settings=\"{&quot;_animation&quot;:&quot;fadeInUp&quot;}\" data-widget_type=\"heading.default\">\n\t\t\t\t<div class=\"elementor-widget-container\">\n\t\t\t\t\t<h2 class=\"elementor-heading-title elementor-size-default\">Services<\/h2>\t\t\t\t<\/div>\n\t\t\t\t<\/div>\n\t\t\t\t\t<\/div>\n\t\t\t\t<\/div>\n\t\t\t\t\t<\/div>\n\t\t\t\t<\/div>\n\t\t<div class=\"elementor-element elementor-element-c4258c5 e-flex e-con-boxed e-con e-child\" data-id=\"c4258c5\" data-element_type=\"container\">\n\t\t\t\t\t<div class=\"e-con-inner\">\n\t\t<div class=\"elementor-element elementor-element-e09466f e-con-full e-flex elementor-invisible e-con e-child\" data-id=\"e09466f\" data-element_type=\"container\" data-settings=\"{&quot;animation&quot;:&quot;fadeInUp&quot;}\">\n\t\t\t\t<div class=\"elementor-element elementor-element-2f4d201 elementor-widget elementor-widget-image\" data-id=\"2f4d201\" data-element_type=\"widget\" data-widget_type=\"image.default\">\n\t\t\t\t<div class=\"elementor-widget-container\">\n\t\t\t\t\t\t\t\t\t\t\t\t\t\t\t\t<a href=\"https:\/\/www.lmhomesparos.com\/fr\/gestion-de-chantier\/\">\n\t\t\t\t\t\t\t<img decoding=\"async\" width=\"770\" height=\"800\" src=\"https:\/\/www.lmhomesparos.com\/wp-content\/uploads\/2024\/12\/0002_WORKS-MANAGMENT.jpg\" class=\"attachment-full size-full wp-image-655\" alt=\"\" srcset=\"https:\/\/www.lmhomesparos.com\/wp-content\/uploads\/2024\/12\/0002_WORKS-MANAGMENT.jpg 770w, https:\/\/www.lmhomesparos.com\/wp-content\/uploads\/2024\/12\/0002_WORKS-MANAGMENT-289x300.jpg 289w, https:\/\/www.lmhomesparos.com\/wp-content\/uploads\/2024\/12\/0002_WORKS-MANAGMENT-768x798.jpg 768w\" sizes=\"(max-width: 770px) 100vw, 770px\" \/>\t\t\t\t\t\t\t\t<\/a>\n\t\t\t\t\t\t\t\t\t\t\t\t\t\t\t<\/div>\n\t\t\t\t<\/div>\n\t\t<div class=\"elementor-element elementor-element-764c3d7 e-flex e-con-boxed e-con e-child\" data-id=\"764c3d7\" data-element_type=\"container\">\n\t\t\t\t\t<div class=\"e-con-inner\">\n\t\t<div class=\"elementor-element elementor-element-1e7b0c8 e-flex e-con-boxed e-con e-child\" data-id=\"1e7b0c8\" data-element_type=\"container\" data-settings=\"{&quot;background_background&quot;:&quot;classic&quot;}\">\n\t\t\t\t\t<div class=\"e-con-inner\">\n\t\t\t\t<div class=\"elementor-element elementor-element-ee3c7d0 elementor-widget__width-initial elementor-widget-tablet__width-initial elementor-widget-mobile__width-auto elementor-widget elementor-widget-heading\" data-id=\"ee3c7d0\" data-element_type=\"widget\" data-widget_type=\"heading.default\">\n\t\t\t\t<div class=\"elementor-widget-container\">\n\t\t\t\t\t<h5 class=\"elementor-heading-title elementor-size-default\"><a href=\"https:\/\/www.lmhomesparos.com\/fr\/gestion-de-chantier\/\">Gestion de chantier<\/a><\/h5>\t\t\t\t<\/div>\n\t\t\t\t<\/div>\n\t\t\t\t\t<\/div>\n\t\t\t\t<\/div>\n\t\t\t\t\t<\/div>\n\t\t\t\t<\/div>\n\t\t\t\t<\/div>\n\t\t<div class=\"elementor-element elementor-element-7da5a51 e-con-full e-flex elementor-invisible e-con e-child\" data-id=\"7da5a51\" data-element_type=\"container\" data-settings=\"{&quot;animation&quot;:&quot;fadeInUp&quot;}\">\n\t\t\t\t<div class=\"elementor-element elementor-element-9824c01 elementor-widget elementor-widget-image\" data-id=\"9824c01\" data-element_type=\"widget\" data-widget_type=\"image.default\">\n\t\t\t\t<div class=\"elementor-widget-container\">\n\t\t\t\t\t\t\t\t\t\t\t\t\t\t\t\t<a href=\"https:\/\/www.lmhomesparos.com\/fr\/renovation\/\">\n\t\t\t\t\t\t\t<img decoding=\"async\" width=\"770\" height=\"800\" src=\"https:\/\/www.lmhomesparos.com\/wp-content\/uploads\/2024\/12\/0001_RENOVATION-2.jpg\" class=\"attachment-full size-full wp-image-654\" alt=\"\" srcset=\"https:\/\/www.lmhomesparos.com\/wp-content\/uploads\/2024\/12\/0001_RENOVATION-2.jpg 770w, https:\/\/www.lmhomesparos.com\/wp-content\/uploads\/2024\/12\/0001_RENOVATION-2-289x300.jpg 289w, https:\/\/www.lmhomesparos.com\/wp-content\/uploads\/2024\/12\/0001_RENOVATION-2-768x798.jpg 768w\" sizes=\"(max-width: 770px) 100vw, 770px\" \/>\t\t\t\t\t\t\t\t<\/a>\n\t\t\t\t\t\t\t\t\t\t\t\t\t\t\t<\/div>\n\t\t\t\t<\/div>\n\t\t<div class=\"elementor-element elementor-element-ff5d883 e-flex e-con-boxed e-con e-child\" data-id=\"ff5d883\" data-element_type=\"container\">\n\t\t\t\t\t<div class=\"e-con-inner\">\n\t\t<div class=\"elementor-element elementor-element-0795ecc e-flex e-con-boxed e-con e-child\" data-id=\"0795ecc\" data-element_type=\"container\" data-settings=\"{&quot;background_background&quot;:&quot;classic&quot;}\">\n\t\t\t\t\t<div class=\"e-con-inner\">\n\t\t\t\t<div class=\"elementor-element elementor-element-12cf49d elementor-widget__width-initial elementor-widget-tablet__width-initial elementor-widget-mobile__width-auto elementor-widget elementor-widget-heading\" data-id=\"12cf49d\" data-element_type=\"widget\" data-widget_type=\"heading.default\">\n\t\t\t\t<div class=\"elementor-widget-container\">\n\t\t\t\t\t<h5 class=\"elementor-heading-title elementor-size-default\"><a href=\"https:\/\/www.lmhomesparos.com\/fr\/renovation\/\">R\u00e9novation<\/a><\/h5>\t\t\t\t<\/div>\n\t\t\t\t<\/div>\n\t\t\t\t\t<\/div>\n\t\t\t\t<\/div>\n\t\t\t\t\t<\/div>\n\t\t\t\t<\/div>\n\t\t\t\t<\/div>\n\t\t<div class=\"elementor-element elementor-element-c2886fa e-con-full e-flex elementor-invisible e-con e-child\" data-id=\"c2886fa\" data-element_type=\"container\" data-settings=\"{&quot;animation&quot;:&quot;fadeInUp&quot;}\">\n\t\t\t\t<div class=\"elementor-element elementor-element-a02348e elementor-widget elementor-widget-image\" data-id=\"a02348e\" data-element_type=\"widget\" data-widget_type=\"image.default\">\n\t\t\t\t<div class=\"elementor-widget-container\">\n\t\t\t\t\t\t\t\t\t\t\t\t\t\t\t\t<a href=\"https:\/\/www.lmhomesparos.com\/fr\/gestion-de-propriete\/\">\n\t\t\t\t\t\t\t<img loading=\"lazy\" decoding=\"async\" width=\"770\" height=\"800\" src=\"https:\/\/www.lmhomesparos.com\/wp-content\/uploads\/2024\/12\/0000_PROPERTY-MANAGMENT.jpg\" class=\"attachment-full size-full wp-image-653\" alt=\"\" srcset=\"https:\/\/www.lmhomesparos.com\/wp-content\/uploads\/2024\/12\/0000_PROPERTY-MANAGMENT.jpg 770w, https:\/\/www.lmhomesparos.com\/wp-content\/uploads\/2024\/12\/0000_PROPERTY-MANAGMENT-289x300.jpg 289w, https:\/\/www.lmhomesparos.com\/wp-content\/uploads\/2024\/12\/0000_PROPERTY-MANAGMENT-768x798.jpg 768w\" sizes=\"(max-width: 770px) 100vw, 770px\" \/>\t\t\t\t\t\t\t\t<\/a>\n\t\t\t\t\t\t\t\t\t\t\t\t\t\t\t<\/div>\n\t\t\t\t<\/div>\n\t\t<div class=\"elementor-element elementor-element-e5e0750 e-flex e-con-boxed e-con e-child\" data-id=\"e5e0750\" data-element_type=\"container\">\n\t\t\t\t\t<div class=\"e-con-inner\">\n\t\t<div class=\"elementor-element elementor-element-8158398 e-flex e-con-boxed e-con e-child\" data-id=\"8158398\" data-element_type=\"container\" data-settings=\"{&quot;background_background&quot;:&quot;classic&quot;}\">\n\t\t\t\t\t<div class=\"e-con-inner\">\n\t\t\t\t<div class=\"elementor-element elementor-element-e52eb53 elementor-widget__width-initial elementor-widget-tablet__width-initial elementor-widget-mobile__width-auto elementor-widget elementor-widget-heading\" data-id=\"e52eb53\" data-element_type=\"widget\" data-widget_type=\"heading.default\">\n\t\t\t\t<div class=\"elementor-widget-container\">\n\t\t\t\t\t<h5 class=\"elementor-heading-title elementor-size-default\"><a href=\"https:\/\/www.lmhomesparos.com\/fr\/gestion-de-propriete\/\">Gestion de propri\u00e9t\u00e9<\/a><\/h5>\t\t\t\t<\/div>\n\t\t\t\t<\/div>\n\t\t\t\t\t<\/div>\n\t\t\t\t<\/div>\n\t\t\t\t\t<\/div>\n\t\t\t\t<\/div>\n\t\t\t\t<\/div>\n\t\t\t\t\t<\/div>\n\t\t\t\t<\/div>\n\t\t\t\t\t<\/div>\n\t\t\t\t<\/div>\n\t\t<div class=\"elementor-element elementor-element-132d794 e-con-full e-flex e-con e-parent\" data-id=\"132d794\" data-element_type=\"container\">\n\t\t<div class=\"elementor-element elementor-element-b6c7f1e e-flex e-con-boxed e-con e-child\" data-id=\"b6c7f1e\" data-element_type=\"container\">\n\t\t\t\t\t<div class=\"e-con-inner\">\n\t\t<div class=\"elementor-element elementor-element-8624044 e-flex e-con-boxed e-con e-child\" data-id=\"8624044\" data-element_type=\"container\">\n\t\t\t\t\t<div class=\"e-con-inner\">\n\t\t<div class=\"elementor-element elementor-element-59b82cd e-flex e-con-boxed e-con e-child\" data-id=\"59b82cd\" data-element_type=\"container\">\n\t\t\t\t\t<div class=\"e-con-inner\">\n\t\t\t\t<div class=\"elementor-element elementor-element-94530e9 elementor-widget__width-auto elementor-invisible elementor-widget elementor-widget-heading\" data-id=\"94530e9\" data-element_type=\"widget\" data-settings=\"{&quot;_animation&quot;:&quot;fadeInUp&quot;}\" data-widget_type=\"heading.default\">\n\t\t\t\t<div class=\"elementor-widget-container\">\n\t\t\t\t\t<h2 class=\"elementor-heading-title elementor-size-default\">Portfolio<\/h2>\t\t\t\t<\/div>\n\t\t\t\t<\/div>\n\t\t\t\t\t<\/div>\n\t\t\t\t<\/div>\n\t\t\t\t\t<\/div>\n\t\t\t\t<\/div>\n\t\t<div class=\"elementor-element elementor-element-0059946 e-flex e-con-boxed e-con e-child\" data-id=\"0059946\" data-element_type=\"container\">\n\t\t\t\t\t<div class=\"e-con-inner\">\n\t\t<div class=\"elementor-element elementor-element-96f9da6 e-con-full e-flex elementor-invisible e-con e-child\" data-id=\"96f9da6\" data-element_type=\"container\" data-settings=\"{&quot;background_background&quot;:&quot;classic&quot;,&quot;animation&quot;:&quot;fadeInLeft&quot;}\">\n\t\t\t\t<div class=\"elementor-element elementor-element-fed03cd elementor-widget elementor-widget-heading\" data-id=\"fed03cd\" data-element_type=\"widget\" data-widget_type=\"heading.default\">\n\t\t\t\t<div class=\"elementor-widget-container\">\n\t\t\t\t\t<h3 class=\"elementor-heading-title elementor-size-default\">Villa Tripiti<\/h3>\t\t\t\t<\/div>\n\t\t\t\t<\/div>\n\t\t\t\t<div class=\"elementor-element elementor-element-98c71fe elementor-widget elementor-widget-text-editor\" data-id=\"98c71fe\" data-element_type=\"widget\" data-widget_type=\"text-editor.default\">\n\t\t\t\t<div class=\"elementor-widget-container\">\n\t\t\t\t\t\t\t\t\t<p>Ce projet fantastique cr\u00e9\u00e9 par un designer fran\u00e7ais pour une famille fran\u00e7aise, consiste en une villa de 256\u00a0m\u00e8tres carr\u00e9s et la r\u00e9novation d\u2019une ancienne bergerie. La totalit\u00e9 du projet a dur\u00e9 18 mois et a inclus la cr\u00e9ation du jardin et d\u2019une oliveraie autour de la maison avec plus de 2000 plantes et 100 oliviers de provenance locale.<\/p>\n\t\t\t\t\t\t\t\t<\/div>\n\t\t\t\t<\/div>\n\t\t\t\t<div class=\"elementor-element elementor-element-6d66801 elementor-widget__width-auto elementor-widget elementor-widget-button\" data-id=\"6d66801\" data-element_type=\"widget\" data-widget_type=\"button.default\">\n\t\t\t\t<div class=\"elementor-widget-container\">\n\t\t\t\t\t\t\t\t\t<div class=\"elementor-button-wrapper\">\n\t\t\t\t\t<a class=\"elementor-button elementor-button-link elementor-size-lg\" href=\"https:\/\/www.lmhomesparos.com\/fr\/villa-tripiti\/\">\n\t\t\t\t\t\t<span class=\"elementor-button-content-wrapper\">\n\t\t\t\t\t\t<span class=\"elementor-button-icon\">\n\t\t\t\t<i aria-hidden=\"true\" class=\"fas fa-angle-right\"><\/i>\t\t\t<\/span>\n\t\t\t\t\t\t\t\t\t<span class=\"elementor-button-text\">Voir ce travail<\/span>\n\t\t\t\t\t<\/span>\n\t\t\t\t\t<\/a>\n\t\t\t\t<\/div>\n\t\t\t\t\t\t\t\t<\/div>\n\t\t\t\t<\/div>\n\t\t\t\t<\/div>\n\t\t<div class=\"elementor-element elementor-element-46a8a76 e-flex e-con-boxed e-con e-child\" data-id=\"46a8a76\" data-element_type=\"container\">\n\t\t\t\t\t<div class=\"e-con-inner\">\n\t\t\t\t<div class=\"elementor-element elementor-element-fea795a elementor-widget elementor-widget-image\" data-id=\"fea795a\" data-element_type=\"widget\" data-widget_type=\"image.default\">\n\t\t\t\t<div class=\"elementor-widget-container\">\n\t\t\t\t\t\t\t\t\t\t\t\t\t\t\t<img loading=\"lazy\" decoding=\"async\" width=\"1200\" height=\"799\" src=\"https:\/\/www.lmhomesparos.com\/wp-content\/uploads\/2024\/12\/VillaTripiti-LMHOMES141.jpg\" class=\"attachment-full size-full wp-image-656\" alt=\"\" srcset=\"https:\/\/www.lmhomesparos.com\/wp-content\/uploads\/2024\/12\/VillaTripiti-LMHOMES141.jpg 1200w, https:\/\/www.lmhomesparos.com\/wp-content\/uploads\/2024\/12\/VillaTripiti-LMHOMES141-300x200.jpg 300w, https:\/\/www.lmhomesparos.com\/wp-content\/uploads\/2024\/12\/VillaTripiti-LMHOMES141-1024x682.jpg 1024w, https:\/\/www.lmhomesparos.com\/wp-content\/uploads\/2024\/12\/VillaTripiti-LMHOMES141-768x511.jpg 768w\" sizes=\"(max-width: 1200px) 100vw, 1200px\" \/>\t\t\t\t\t\t\t\t\t\t\t\t\t\t\t<\/div>\n\t\t\t\t<\/div>\n\t\t\t\t\t<\/div>\n\t\t\t\t<\/div>\n\t\t\t\t\t<\/div>\n\t\t\t\t<\/div>\n\t\t\t\t\t<\/div>\n\t\t\t\t<\/div>\n\t\t\t\t<\/div>\n\t\t\t\t<\/div>\n\t\t","protected":false},"excerpt":{"rendered":"<p>Services de gestion de projets et de propri\u00e9t\u00e9s \u00e0 Paros. A propos de LM Homes est une soci\u00e9t\u00e9 cr\u00e9\u00e9e en [&hellip;]<\/p>\n","protected":false},"author":1,"featured_media":0,"parent":0,"menu_order":0,"comment_status":"closed","ping_status":"closed","template":"","meta":{"_acf_changed":false,"site-sidebar-layout":"no-sidebar","site-content-layout":"","ast-site-content-layout":"full-width-container","site-content-style":"default","site-sidebar-style":"default","ast-global-header-display":"","ast-banner-title-visibility":"","ast-main-header-display":"","ast-hfb-above-header-display":"","ast-hfb-below-header-display":"","ast-hfb-mobile-header-display":"","site-post-title":"disabled","ast-breadcrumbs-content":"","ast-featured-img":"disabled","footer-sml-layout":"","theme-transparent-header-meta":"default","adv-header-id-meta":"","stick-header-meta":"default","header-above-stick-meta":"","header-main-stick-meta":"","header-below-stick-meta":"","astra-migrate-meta-layouts":"set","ast-page-background-enabled":"default","ast-page-background-meta":{"desktop":{"background-color":"var(--ast-global-color-4)","background-image":"","background-repeat":"repeat","background-position":"center center","background-size":"auto","background-attachment":"scroll","background-type":"","background-media":"","overlay-type":"","overlay-color":"","overlay-opacity":"","overlay-gradient":""},"tablet":{"background-color":"","background-image":"","background-repeat":"repeat","background-position":"center center","background-size":"auto","background-attachment":"scroll","background-type":"","background-media":"","overlay-type":"","overlay-color":"","overlay-opacity":"","overlay-gradient":""},"mobile":{"background-color":"","background-image":"","background-repeat":"repeat","background-position":"center center","background-size":"auto","background-attachment":"scroll","background-type":"","background-media":"","overlay-type":"","overlay-color":"","overlay-opacity":"","overlay-gradient":""}},"ast-content-background-meta":{"desktop":{"background-color":"var(--ast-global-color-5)","background-image":"","background-repeat":"repeat","background-position":"center center","background-size":"auto","background-attachment":"scroll","background-type":"","background-media":"","overlay-type":"","overlay-color":"","overlay-opacity":"","overlay-gradient":""},"tablet":{"background-color":"var(--ast-global-color-5)","background-image":"","background-repeat":"repeat","background-position":"center center","background-size":"auto","background-attachment":"scroll","background-type":"","background-media":"","overlay-type":"","overlay-color":"","overlay-opacity":"","overlay-gradient":""},"mobile":{"background-color":"var(--ast-global-color-5)","background-image":"","background-repeat":"repeat","background-position":"center center","background-size":"auto","background-attachment":"scroll","background-type":"","background-media":"","overlay-type":"","overlay-color":"","overlay-opacity":"","overlay-gradient":""}},"footnotes":""},"class_list":["post-878","page","type-page","status-publish","hentry"],"acf":[],"_links":{"self":[{"href":"https:\/\/www.lmhomesparos.com\/fr\/wp-json\/wp\/v2\/pages\/878","targetHints":{"allow":["GET"]}}],"collection":[{"href":"https:\/\/www.lmhomesparos.com\/fr\/wp-json\/wp\/v2\/pages"}],"about":[{"href":"https:\/\/www.lmhomesparos.com\/fr\/wp-json\/wp\/v2\/types\/page"}],"author":[{"embeddable":true,"href":"https:\/\/www.lmhomesparos.com\/fr\/wp-json\/wp\/v2\/users\/1"}],"replies":[{"embeddable":true,"href":"https:\/\/www.lmhomesparos.com\/fr\/wp-json\/wp\/v2\/comments?post=878"}],"version-history":[{"count":17,"href":"https:\/\/www.lmhomesparos.com\/fr\/wp-json\/wp\/v2\/pages\/878\/revisions"}],"predecessor-version":[{"id":1729,"href":"https:\/\/www.lmhomesparos.com\/fr\/wp-json\/wp\/v2\/pages\/878\/revisions\/1729"}],"wp:attachment":[{"href":"https:\/\/www.lmhomesparos.com\/fr\/wp-json\/wp\/v2\/media?parent=878"}],"curies":[{"name":"wp","href":"https:\/\/api.w.org\/{rel}","templated":true}]}}