{"id":1128,"date":"2025-01-11T11:02:14","date_gmt":"2025-01-11T08:02:14","guid":{"rendered":"https:\/\/www.lmhomesparos.com\/politique-de-confidentialite-conformite-rgpd\/"},"modified":"2025-01-11T11:02:14","modified_gmt":"2025-01-11T08:02:14","slug":"politique-de-confidentialite-conformite-rgpd","status":"publish","type":"page","link":"https:\/\/www.lmhomesparos.com\/fr\/politique-de-confidentialite-conformite-rgpd\/","title":{"rendered":"Politique de Confidentialit\u00e9 &#038; Conformit\u00e9 RGPD"},"content":{"rendered":"<div id=\"privacy_policy\" class=\"ody_terms\">\n<h4>EN G\u00c9N\u00c9RAL<\/h4>\n<p>L&rsquo;utilisation de nos pages web et des services offerts aux visiteurs sur le site www.lmhomesparos.com, appartenant \u00e0 LM Home Paros, ci-apr\u00e8s \u00ab l&rsquo;entreprise \u00bb, n\u00e9cessite votre accord avec la Politique de Confidentialit\u00e9 de ce site. Par cons\u00e9quent, le visiteur doit lire attentivement le contenu de cette page avant d&rsquo;utiliser les services de notre site web. S&rsquo;il n&rsquo;est pas d&rsquo;accord, il doit quitter ce site et NE JAMAIS utiliser ses services ou son contenu.<br \/>\nCette politique de confidentialit\u00e9 peut \u00eatre modifi\u00e9e de temps \u00e0 autre en fonction de la l\u00e9gislation en vigueur. Nous n&rsquo;informerons pas explicitement nos clients ou les utilisateurs de notre site de ces changements. Nous vous recommandons donc de consulter occasionnellement cette page pour toute modification apport\u00e9e \u00e0 cette politique de confidentialit\u00e9. L&rsquo;utilisation continue du site www.lmhomesparos.com, m\u00eame apr\u00e8s des changements dans la Politique de Confidentialit\u00e9, implique l&rsquo;acceptation inconditionnelle de ces termes par vous.<\/p>\n<h4>Confidentialit\u00e9 et protection des donn\u00e9es personnelles<\/h4>\n<p>Nous collectons et traitons vos donn\u00e9es personnelles uniquement lorsqu&rsquo;elles sont absolument n\u00e9cessaires.<br \/>\nNous ne vendrons, ne louerons, ne distribuerons ni ne rendrons publiques vos donn\u00e9es personnelles sous aucune forme.<br \/>\nSi vous avez moins de 16 ans, vous DEVEZ avoir le consentement de vos parents avant d&rsquo;utiliser les services de ce site.<\/p>\n<h3>L\u00e9gislation applicable<\/h3>\n<p>En plus des syst\u00e8mes informatiques internes de notre entreprise, ce site est con\u00e7u pour se conformer aux lois\/r\u00e8glements suivants concernant la protection des donn\u00e9es personnelles des utilisateurs :<\/p>\n<ol>\n<li>Directive Europ\u00e9enne sur la Protection des Donn\u00e9es (DPD de 1995)<\/li>\n<li>R\u00e8glement G\u00e9n\u00e9ral sur la Protection des Donn\u00e9es de l&rsquo;UE (RGPD de 2018)<\/li>\n<\/ol>\n<h3>Donn\u00e9es personnelles collect\u00e9es par ce site et raisons de leur collecte<\/h3>\n<p>Ce site collecte et utilise des donn\u00e9es personnelles pour les raisons suivantes :<\/p>\n<h4>Suivi du trafic du site<\/h4>\n<p>Comme la plupart des sites, ce site utilise Google Analytics (GA) pour suivre l&rsquo;activit\u00e9 des utilisateurs. Nous utilisons ces donn\u00e9es pour d\u00e9terminer le nombre de visiteurs sur notre site et mieux comprendre comment ils trouvent et utilisent nos pages web. Bien que GA enregistre des donn\u00e9es telles que votre localisation g\u00e9ographique, votre appareil, votre navigateur web et votre syst\u00e8me d&rsquo;exploitation, aucune de ces informations ne permet de vous identifier personnellement. GA enregistre \u00e9galement l&rsquo;adresse IP de votre ordinateur, qui pourrait \u00eatre utilis\u00e9e pour vous identifier, mais Google ne nous donne pas acc\u00e8s \u00e0 ces informations. Nous estimons que Google est un processeur de donn\u00e9es tiers conforme aux exigences de la l\u00e9gislation europ\u00e9enne.<\/p>\n<h4>Formulaires de contact et liens e-mail<\/h4>\n<p>Si vous choisissez de nous contacter via un formulaire de contact ou un lien e-mail, aucune des donn\u00e9es que vous fournissez ne sera stock\u00e9e sur notre site ou transf\u00e9r\u00e9e ou trait\u00e9e par un processeur de donn\u00e9es tiers, tel que d\u00e9fini dans la section \u00ab Nos processeurs de donn\u00e9es tiers \u00bb. Ces donn\u00e9es nous seront envoy\u00e9es via un protocole SMTP (Simple Mail Transfer Protocol). Nos serveurs SMTP sont prot\u00e9g\u00e9s par un protocole de s\u00e9curit\u00e9 TLS (\u00e9galement connu sous le nom de SSL), ce qui signifie que le contenu des e-mails est crypt\u00e9 avant d&rsquo;\u00eatre envoy\u00e9 sur Internet. Le contenu des e-mails est d\u00e9crypt\u00e9 par nos ordinateurs et appareils locaux.<\/p>\n<h3>\u00c0 propos des cookies<\/h3>\n<h4>Qu&rsquo;est-ce qu&rsquo;un cookie ?<\/h4>\n<p>Le terme \u00ab cookie \u00bb d\u00e9signe un petit fichier de donn\u00e9es compos\u00e9 uniquement d&rsquo;un ensemble d&rsquo;informations textuelles qu&rsquo;un site transf\u00e8re au navigateur web de votre ordinateur sur le disque dur de celui-ci, soit temporairement pendant votre visite, soit parfois pour des p\u00e9riodes plus longues, en fonction du type de cookie. Les cookies effectuent diff\u00e9rentes fonctions (par exemple, vous distinguer des autres visiteurs du site ou m\u00e9moriser certaines informations vous concernant comme vos pr\u00e9f\u00e9rences) et sont utilis\u00e9s par la plupart des sites web pour am\u00e9liorer votre exp\u00e9rience utilisateur.<\/p>\n<p>Chaque cookie est unique \u00e0 votre navigateur et contient des informations anonymes. Un cookie contient g\u00e9n\u00e9ralement le nom du champ cookie, la dur\u00e9e de vie du cookie et une valeur (g\u00e9n\u00e9ralement sous la forme d&rsquo;un num\u00e9ro unique g\u00e9n\u00e9r\u00e9 al\u00e9atoirement).<\/p>\n<h4>Types de cookies<\/h4>\n<p>Les principaux types de cookies sont d\u00e9crits ci-dessous :<\/p>\n<ul>\n<li>\n<h5>Cookies de session<\/h5>\n<p>Ce sont des cookies temporaires qui restent dans le fichier cookie du navigateur de votre appareil uniquement pendant votre visite et sont supprim\u00e9s lorsque vous fermez le navigateur.<\/li>\n<li>\n<h5>Cookies persistants<\/h5>\n<p>Ces cookies restent dans le fichier cookie du navigateur de votre appareil m\u00eame apr\u00e8s la fermeture du navigateur, parfois pendant un an ou plus (la dur\u00e9e exacte d\u00e9pend de la dur\u00e9e de vie de chaque cookie). Les cookies persistants sont utilis\u00e9s lorsque l&rsquo;administrateur du site peut avoir besoin de savoir qui vous \u00eates pour plus d&rsquo;une visite (par exemple, pour m\u00e9moriser votre nom d&rsquo;utilisateur ou vos pr\u00e9f\u00e9rences de configuration du site).<\/li>\n<li>\n<h5>Cookies de premi\u00e8re partie<\/h5>\n<p>Ces cookies sont install\u00e9s sur votre navigateur et\/ou le disque dur de votre appareil par le site que vous visitez. Cela inclut l&rsquo;attribution d&rsquo;un ID unique \u00e0 vous pour surveiller votre navigation sur le site. Les cr\u00e9ateurs de sites utilisent souvent des cookies de premi\u00e8re partie pour g\u00e9rer les visites et \u00e0 des fins d&rsquo;identification.<\/li>\n<li>\n<h5>Cookies tiers<\/h5>\n<p>Ces cookies sont utilis\u00e9s par des tiers, tels que les r\u00e9seaux sociaux, pour suivre vos visites sur les diff\u00e9rents sites o\u00f9 ils font de la publicit\u00e9. L&rsquo;administrateur du site n&rsquo;a aucun contr\u00f4le sur ces cookies tiers.<\/li>\n<\/ul>\n<h4>Cookies sur ce site et comment les g\u00e9rer<\/h4>\n<p>Sur ce site, nous utilisons des cookies pour am\u00e9liorer votre exp\u00e9rience utilisateur. Les fonctionnalit\u00e9s du site seront consid\u00e9rablement affect\u00e9es si vous d\u00e9sactivez ou refusez l&rsquo;utilisation des cookies.<br \/>\nConsultez les informations suivantes sur les cookies tiers que nous utilisons sur ce site, y compris comment les d\u00e9sactiver et l&rsquo;effet de leur d\u00e9sactivation sur les fonctionnalit\u00e9s du site. Si vous avez besoin d&rsquo;aide pour g\u00e9rer certains types de cookies, y compris comment les v\u00e9rifier ou les supprimer, veuillez visiter <a href=\"http:\/\/www.aboutcookies.org\" data-rel=\"external\">www.aboutcookies.org<\/a>.<\/p>\n<h4>Cookies Google Analytics<\/h4>\n<p>Les cookies Google Analytics sont des cookies d&rsquo;analyse\/performance qui nous permettent de collecter des informations anonymes sur la mani\u00e8re dont les visiteurs utilisent notre site. Ces cookies peuvent nous informer du nombre de visiteurs du site, du moment et de la dur\u00e9e des visites, et fournir des informations sur la mani\u00e8re dont les visiteurs naviguent sur le site. Ces informations nous aident \u00e0 am\u00e9liorer le fonctionnement de notre site. Ce sont des informations anonymes et ne contiennent aucune donn\u00e9e personnelle.<br \/>\nLes informations collect\u00e9es par les cookies Google Analytics sur notre site sont transf\u00e9r\u00e9es et stock\u00e9es sur les serveurs de Google conform\u00e9ment \u00e0 leur politique de confidentialit\u00e9.<br \/>\nPour plus d&rsquo;informations sur Google Analytics, veuillez visiter <a href=\"https:\/\/support.google.com\/analytics\/answer\/6004245\" data-rel=\"external\">https:\/\/support.google.com\/analytics\/answer\/6004245<\/a><br \/>\nVous pouvez d\u00e9sactiver le suivi de Google Analytics en visitant <a href=\"https:\/\/tools.google.com\/dlpage\/gaoptout?hl=en=GB\" data-rel=\"external\">https:\/\/tools.google.com\/dlpage\/gaoptout?hl=en=GB<\/a><br \/>\nSi vous d\u00e9sactivez ces cookies, votre activit\u00e9 ne sera pas compt\u00e9e ou utilis\u00e9e dans les statistiques que nous collectons pour am\u00e9liorer les services que nous offrons via ce site. Les fonctionnalit\u00e9s du site ne seront pas affect\u00e9es.<\/p>\n<h4>Cookies des fournisseurs de vid\u00e9os<\/h4>\n<p>Les fournisseurs de vid\u00e9os peuvent placer des cookies sur votre appareil si vous regardez leurs vid\u00e9os sur notre site.<br \/>\nSi vous d\u00e9sactivez ces cookies, vous pourriez ne pas \u00eatre en mesure de voir les vid\u00e9os int\u00e9gr\u00e9es sur notre site.<\/p>\n<h4>Cookies des r\u00e9seaux sociaux<\/h4>\n<p>Les r\u00e9seaux sociaux tiers peuvent placer des cookies sur votre appareil si vous choisissez de partager une page web de notre site sur un r\u00e9seau social tiers, en cliquant sur l&rsquo;un des boutons \u00ab partager \u00bb.<br \/>\nSi vous d\u00e9sactivez ces cookies, vous ne pourrez pas partager nos contenus avec des r\u00e9seaux sociaux tiers.<\/p>\n<h3>\u00c0 propos du serveur web de ce site<\/h3>\n<p>Tout le trafic web (transfert de fichiers) entre ce site et votre navigateur est crypt\u00e9 et transf\u00e9r\u00e9 via le protocole HTTPS en utilisant Secure Sockets Layer (SSL).<\/p>\n<h3>Processeurs de donn\u00e9es personnelles tiers<\/h3>\n<p>Nous utilisons un certain nombre de tiers pour traiter les donn\u00e9es personnelles pour nous. Ces processeurs de donn\u00e9es personnelles tiers ont \u00e9t\u00e9 soigneusement s\u00e9lectionn\u00e9s pour se conformer \u00e0 la l\u00e9gislation mentionn\u00e9e dans ce document.<\/p>\n<h3>Violations de donn\u00e9es<\/h3>\n<p>Pour toute information personnelle vous concernant stock\u00e9e dans notre base de donn\u00e9es, toutes les mesures n\u00e9cessaires seront prises pour qu&rsquo;elle soit aussi s\u00e9curis\u00e9e que possible.<br \/>\nNous signalerons toute violation ill\u00e9gale de notre base de donn\u00e9es ou de toute base de donn\u00e9es de traitement de donn\u00e9es tiers \u00e0 toutes les parties concern\u00e9es ainsi qu&rsquo;aux autorit\u00e9s dans un d\u00e9lai de 72 heures suivant la violation, s&rsquo;il est \u00e9vident que les donn\u00e9es personnelles stock\u00e9es sous une forme reconnaissable ont \u00e9t\u00e9 vol\u00e9es.<\/p>\n<\/div>\n","protected":false},"excerpt":{"rendered":"<p>EN G\u00c9N\u00c9RAL L&rsquo;utilisation de nos pages web et des services offerts aux visiteurs sur le site www.lmhomesparos.com, appartenant \u00e0 LM [&hellip;]<\/p>\n","protected":false},"author":1,"featured_media":0,"parent":0,"menu_order":0,"comment_status":"closed","ping_status":"closed","template":"","meta":{"_acf_changed":false,"site-sidebar-layout":"default","site-content-layout":"","ast-site-content-layout":"default","site-content-style":"default","site-sidebar-style":"default","ast-global-header-display":"","ast-banner-title-visibility":"","ast-main-header-display":"","ast-hfb-above-header-display":"","ast-hfb-below-header-display":"","ast-hfb-mobile-header-display":"","site-post-title":"","ast-breadcrumbs-content":"","ast-featured-img":"","footer-sml-layout":"","theme-transparent-header-meta":"default","adv-header-id-meta":"","stick-header-meta":"default","header-above-stick-meta":"","header-main-stick-meta":"","header-below-stick-meta":"","astra-migrate-meta-layouts":"default","ast-page-background-enabled":"default","ast-page-background-meta":{"desktop":{"background-color":"var(--ast-global-color-4)","background-image":"","background-repeat":"repeat","background-position":"center center","background-size":"auto","background-attachment":"scroll","background-type":"","background-media":"","overlay-type":"","overlay-color":"","overlay-opacity":"","overlay-gradient":""},"tablet":{"background-color":"","background-image":"","background-repeat":"repeat","background-position":"center center","background-size":"auto","background-attachment":"scroll","background-type":"","background-media":"","overlay-type":"","overlay-color":"","overlay-opacity":"","overlay-gradient":""},"mobile":{"background-color":"","background-image":"","background-repeat":"repeat","background-position":"center center","background-size":"auto","background-attachment":"scroll","background-type":"","background-media":"","overlay-type":"","overlay-color":"","overlay-opacity":"","overlay-gradient":""}},"ast-content-background-meta":{"desktop":{"background-color":"var(--ast-global-color-5)","background-image":"","background-repeat":"repeat","background-position":"center center","background-size":"auto","background-attachment":"scroll","background-type":"","background-media":"","overlay-type":"","overlay-color":"","overlay-opacity":"","overlay-gradient":""},"tablet":{"background-color":"var(--ast-global-color-5)","background-image":"","background-repeat":"repeat","background-position":"center center","background-size":"auto","background-attachment":"scroll","background-type":"","background-media":"","overlay-type":"","overlay-color":"","overlay-opacity":"","overlay-gradient":""},"mobile":{"background-color":"var(--ast-global-color-5)","background-image":"","background-repeat":"repeat","background-position":"center center","background-size":"auto","background-attachment":"scroll","background-type":"","background-media":"","overlay-type":"","overlay-color":"","overlay-opacity":"","overlay-gradient":""}},"footnotes":""},"class_list":["post-1128","page","type-page","status-publish","hentry"],"acf":[],"_links":{"self":[{"href":"https:\/\/www.lmhomesparos.com\/fr\/wp-json\/wp\/v2\/pages\/1128","targetHints":{"allow":["GET"]}}],"collection":[{"href":"https:\/\/www.lmhomesparos.com\/fr\/wp-json\/wp\/v2\/pages"}],"about":[{"href":"https:\/\/www.lmhomesparos.com\/fr\/wp-json\/wp\/v2\/types\/page"}],"author":[{"embeddable":true,"href":"https:\/\/www.lmhomesparos.com\/fr\/wp-json\/wp\/v2\/users\/1"}],"replies":[{"embeddable":true,"href":"https:\/\/www.lmhomesparos.com\/fr\/wp-json\/wp\/v2\/comments?post=1128"}],"version-history":[{"count":0,"href":"https:\/\/www.lmhomesparos.com\/fr\/wp-json\/wp\/v2\/pages\/1128\/revisions"}],"wp:attachment":[{"href":"https:\/\/www.lmhomesparos.com\/fr\/wp-json\/wp\/v2\/media?parent=1128"}],"curies":[{"name":"wp","href":"https:\/\/api.w.org\/{rel}","templated":true}]}}